{"id":499,"date":"2020-08-27T16:03:26","date_gmt":"2020-08-27T19:03:26","guid":{"rendered":"https:\/\/softwaresmart.com.br\/Alura-Viagens\/cadastro-de-alunos\/"},"modified":"2020-08-27T16:03:26","modified_gmt":"2020-08-27T19:03:26","slug":"cadastro-de-alunos","status":"publish","type":"page","link":"https:\/\/softwaresmart.com.br\/Alura-Viagens\/cadastro-de-alunos\/","title":{"rendered":"Cadastro de alunos"},"content":{"rendered":"\r\n<form method=\"post\" enctype=\"multipart\/form-data\">\r\n\t<input type=\"hidden\" id=\"_wpnonce\" name=\"_wpnonce\" value=\"af6969cd80\" \/><input type=\"hidden\" name=\"_wp_http_referer\" value=\"\/Alura-Viagens\/wp-json\/wp\/v2\/pages\/499\" \/>    <input type=\"hidden\" value=\"tutor_register_student\" name=\"tutor_action\"\/>\r\n\r\n    \r\n    <div class=\"tutor-form-row\">\r\n        <div class=\"tutor-form-col-6\">\r\n            <div class=\"tutor-form-group\">\r\n                <label>\r\n\t\t\t\t\tNome                <\/label>\r\n\r\n                <input type=\"text\" name=\"first_name\" value=\"\" placeholder=\"Nome\">\r\n            <\/div>\r\n        <\/div>\r\n\r\n        <div class=\"tutor-form-col-6\">\r\n            <div class=\"tutor-form-group\">\r\n                <label>\r\n\t\t\t\t\tSobrenome                <\/label>\r\n\r\n                <input type=\"text\" name=\"last_name\" value=\"\" placeholder=\"Sobrenome\">\r\n            <\/div>\r\n        <\/div>\r\n\r\n    <\/div>\r\n\r\n    <div class=\"tutor-form-row\">\r\n        <div class=\"tutor-form-col-6\">\r\n            <div class=\"tutor-form-group\">\r\n                <label>\r\n\t\t\t\t    Usu\u00e1rio                <\/label>\r\n\r\n                <input type=\"text\" name=\"user_login\" class=\"tutor_user_name\" value=\"\" placeholder=\"Usu\u00e1rio\">\r\n            <\/div>\r\n        <\/div>\r\n\r\n        <div class=\"tutor-form-col-6\">\r\n            <div class=\"tutor-form-group\">\r\n                <label>\r\n\t\t\t\t\tE-mail                <\/label>\r\n\r\n                <input type=\"text\" name=\"email\" value=\"\" placeholder=\"E-mail\">\r\n            <\/div>\r\n        <\/div>\r\n\r\n    <\/div>\r\n\r\n    <div class=\"tutor-form-row\">\r\n        <div class=\"tutor-form-col-6\">\r\n            <div class=\"tutor-form-group\">\r\n                <label>\r\n\t\t\t\t\tSenha                <\/label>\r\n\r\n                <input type=\"password\" name=\"password\" value=\"\" placeholder=\"Senha\">\r\n            <\/div>\r\n        <\/div>\r\n\r\n        <div class=\"tutor-form-col-6\">\r\n            <div class=\"tutor-form-group\">\r\n                <label>\r\n\t\t\t\t\tConfirma\u00e7\u00e3o de senha                <\/label>\r\n\r\n                <input type=\"password\" name=\"password_confirmation\" value=\"\" placeholder=\"Confirma\u00e7\u00e3o de senha\">\r\n            <\/div>\r\n        <\/div>\r\n    <\/div>\r\n\r\n\r\n    <div class=\"tutor-form-row\">\r\n        <div class=\"tutor-form-col-12\">\r\n            <div class=\"tutor-form-group tutor-reg-form-btn-wrap\">\r\n                <button type=\"submit\" name=\"tutor_register_student_btn\" value=\"register\" class=\"tutor-button\">Cadastrar<\/button>\r\n            <\/div>\r\n        <\/div>\r\n    <\/div>\r\n\r\n<\/form>","protected":false},"excerpt":{"rendered":"<p>Nome Sobrenome Usu\u00e1rio E-mail Senha Confirma\u00e7\u00e3o de senha Cadastrar<\/p>\n","protected":false},"author":1,"featured_media":0,"parent":0,"menu_order":0,"comment_status":"closed","ping_status":"closed","template":"","meta":[],"_links":{"self":[{"href":"https:\/\/softwaresmart.com.br\/Alura-Viagens\/wp-json\/wp\/v2\/pages\/499"}],"collection":[{"href":"https:\/\/softwaresmart.com.br\/Alura-Viagens\/wp-json\/wp\/v2\/pages"}],"about":[{"href":"https:\/\/softwaresmart.com.br\/Alura-Viagens\/wp-json\/wp\/v2\/types\/page"}],"author":[{"embeddable":true,"href":"https:\/\/softwaresmart.com.br\/Alura-Viagens\/wp-json\/wp\/v2\/users\/1"}],"replies":[{"embeddable":true,"href":"https:\/\/softwaresmart.com.br\/Alura-Viagens\/wp-json\/wp\/v2\/comments?post=499"}],"version-history":[{"count":0,"href":"https:\/\/softwaresmart.com.br\/Alura-Viagens\/wp-json\/wp\/v2\/pages\/499\/revisions"}],"wp:attachment":[{"href":"https:\/\/softwaresmart.com.br\/Alura-Viagens\/wp-json\/wp\/v2\/media?parent=499"}],"curies":[{"name":"wp","href":"https:\/\/api.w.org\/{rel}","templated":true}]}}